{"id":2823,"date":"2026-02-11T11:06:25","date_gmt":"2026-02-11T11:06:25","guid":{"rendered":"https:\/\/www.gpa.aero\/politique-en-matiere-de-cookies\/"},"modified":"2026-03-09T11:04:52","modified_gmt":"2026-03-09T11:04:52","slug":"politique-en-matiere-de-cookies","status":"publish","type":"page","link":"https:\/\/www.gpa.aero\/fr\/politique-en-matiere-de-cookies\/","title":{"rendered":"Politique en mati\u00e8re de cookies"},"content":{"rendered":"\t\t<div data-elementor-type=\"wp-page\" data-elementor-id=\"2823\" class=\"elementor elementor-2823 elementor-938\" data-elementor-settings=\"{&quot;ha_cmc_init_switcher&quot;:&quot;no&quot;,&quot;element_pack_global_tooltip_width&quot;:{&quot;unit&quot;:&quot;px&quot;,&quot;size&quot;:&quot;&quot;,&quot;sizes&quot;:[]},&quot;element_pack_global_tooltip_width_tablet&quot;:{&quot;unit&quot;:&quot;px&quot;,&quot;size&quot;:&quot;&quot;,&quot;sizes&quot;:[]},&quot;element_pack_global_tooltip_width_mobile&quot;:{&quot;unit&quot;:&quot;px&quot;,&quot;size&quot;:&quot;&quot;,&quot;sizes&quot;:[]},&quot;element_pack_global_tooltip_padding&quot;:{&quot;unit&quot;:&quot;px&quot;,&quot;top&quot;:&quot;&quot;,&quot;right&quot;:&quot;&quot;,&quot;bottom&quot;:&quot;&quot;,&quot;left&quot;:&quot;&quot;,&quot;isLinked&quot;:true},&quot;element_pack_global_tooltip_padding_tablet&quot;:{&quot;unit&quot;:&quot;px&quot;,&quot;top&quot;:&quot;&quot;,&quot;right&quot;:&quot;&quot;,&quot;bottom&quot;:&quot;&quot;,&quot;left&quot;:&quot;&quot;,&quot;isLinked&quot;:true},&quot;element_pack_global_tooltip_padding_mobile&quot;:{&quot;unit&quot;:&quot;px&quot;,&quot;top&quot;:&quot;&quot;,&quot;right&quot;:&quot;&quot;,&quot;bottom&quot;:&quot;&quot;,&quot;left&quot;:&quot;&quot;,&quot;isLinked&quot;:true},&quot;element_pack_global_tooltip_border_radius&quot;:{&quot;unit&quot;:&quot;px&quot;,&quot;top&quot;:&quot;&quot;,&quot;right&quot;:&quot;&quot;,&quot;bottom&quot;:&quot;&quot;,&quot;left&quot;:&quot;&quot;,&quot;isLinked&quot;:true},&quot;element_pack_global_tooltip_border_radius_tablet&quot;:{&quot;unit&quot;:&quot;px&quot;,&quot;top&quot;:&quot;&quot;,&quot;right&quot;:&quot;&quot;,&quot;bottom&quot;:&quot;&quot;,&quot;left&quot;:&quot;&quot;,&quot;isLinked&quot;:true},&quot;element_pack_global_tooltip_border_radius_mobile&quot;:{&quot;unit&quot;:&quot;px&quot;,&quot;top&quot;:&quot;&quot;,&quot;right&quot;:&quot;&quot;,&quot;bottom&quot;:&quot;&quot;,&quot;left&quot;:&quot;&quot;,&quot;isLinked&quot;:true}}\">\n\t\t\t\t\t\t<div class=\"elementor-section elementor-top-section elementor-element elementor-element-df8c4cb elementor-section-boxed elementor-section-height-default elementor-section-height-default\" data-id=\"df8c4cb\" data-element_type=\"section\" data-e-type=\"section\" data-settings=\"{&quot;background_background&quot;:&quot;classic&quot;,&quot;_ha_eqh_enable&quot;:false}\">\n\t\t\t\t\t\t<div class=\"elementor-container elementor-column-gap-default\">\n\t\t\t\t\t<div class=\"elementor-column elementor-col-100 elementor-top-column elementor-element elementor-element-0fd5572\" data-id=\"0fd5572\" data-element_type=\"column\" data-e-type=\"column\">\n\t\t\t<div class=\"elementor-widget-wrap elementor-element-populated\">\n\t\t\t\t\t\t<div class=\"elementor-element elementor-element-8075eba elementor-widget__width-initial elementor-widget-tablet__width-initial elementor-widget-mobile__width-inherit elementor-widget elementor-widget-heading\" data-id=\"8075eba\" data-element_type=\"widget\" data-e-type=\"widget\" data-widget_type=\"heading.default\">\n\t\t\t\t\t<h1 class=\"elementor-heading-title elementor-size-default\">Utilisation des cookies<\/h1>\t\t\t\t<\/div>\n\t\t\t\t<div class=\"elementor-element elementor-element-e8b1009 elementor-widget elementor-widget-heading\" data-id=\"e8b1009\" data-element_type=\"widget\" data-e-type=\"widget\" data-widget_type=\"heading.default\">\n\t\t\t\t\t<h5 class=\"elementor-heading-title elementor-size-default\">GESTI\u00d3 I PROMOCI\u00d3 AEROPORTU\u00c0RIA S.A.U. (GPA) sur son site web gpa.aero, pour son propre compte, par l'interm\u00e9diaire de tiers, utilise des cookies lorsqu'un utilisateur navigue sur le site web.<\/h5>\t\t\t\t<\/div>\n\t\t\t\t\t<\/div>\n\t\t<\/div>\n\t\t\t\t\t<\/div>\n\t\t<\/div>\n\t\t<div class=\"elementor-element elementor-element-58f32d2a legal-style e-flex e-con-boxed e-con e-parent\" data-id=\"58f32d2a\" data-element_type=\"container\" data-e-type=\"container\" data-settings=\"{&quot;_ha_eqh_enable&quot;:false}\">\n\t\t\t\t\t<div class=\"e-con-inner\">\n\t\t\t\t<div class=\"elementor-element elementor-element-54c4a15a elementor-widget elementor-widget-text-editor\" data-id=\"54c4a15a\" data-element_type=\"widget\" data-e-type=\"widget\" data-widget_type=\"text-editor.default\">\n\t\t\t\t\t\t\t\t\t<p>Un cookie est un petit fichier texte qui est stock\u00e9 dans votre navigateur lorsque vous visitez presque n&rsquo;importe quelle page web et qui peut \u00eatre utilis\u00e9 \u00e0 diverses fins.<br>Les cookies utilis\u00e9s par le site web sont uniquement associ\u00e9s \u00e0 un utilisateur anonyme et \u00e0 son ordinateur, et ne fournissent pas en eux-m\u00eames les donn\u00e9es personnelles de l&rsquo;utilisateur.<br>Gr\u00e2ce \u00e0 l&rsquo;utilisation de cookies, le serveur o\u00f9 se trouve le site web peut reconna\u00eetre le navigateur web utilis\u00e9 par l&rsquo;utilisateur afin de faciliter la navigation, en permettant, par exemple, aux utilisateurs qui se sont pr\u00e9alablement enregistr\u00e9s d&rsquo;acc\u00e9der \u00e0 des zones, des services, des promotions ou des concours qui leur sont exclusivement r\u00e9serv\u00e9s sans avoir \u00e0 s&rsquo;enregistrer \u00e0 chaque visite. Ils sont \u00e9galement utilis\u00e9s pour mesurer les param\u00e8tres d&rsquo;audience et de trafic, contr\u00f4ler le d\u00e9roulement et le nombre de participations ou afficher des publicit\u00e9s adapt\u00e9es aux pr\u00e9f\u00e9rences de l&rsquo;utilisateur. <\/p><h2>Type de cookies :<\/h2><h3>Exempt\u00e9 : (il n&rsquo;est pas n\u00e9cessaire d&rsquo;informer de leur existence ou de demander le consentement pour leur utilisation)<\/h3><p>Cookies de connexion de l&rsquo;utilisateur.<br>Cookies d&rsquo;identification ou d&rsquo;authentification de l&rsquo;utilisateur (session uniquement).<br>Cookies de s\u00e9curit\u00e9 de l&rsquo;utilisateur.<br>Cookies du lecteur multim\u00e9dia.<br>Cookies de session pour l&rsquo;\u00e9quilibrage de la charge.<br>Cookies de personnalisation de l&rsquo;interface utilisateur.<br>Cookies de plug-in pour le partage de contenu social. <\/p><h3>Non exempt\u00e9s : (Vous devrez informer de leur existence et demander le consentement pour leur utilisation).<\/h3><p>Tous les autres cookies.<\/p><h3>Les cookies selon l&rsquo;entit\u00e9 qui les g\u00e8re :<\/h3><p>Cookies de premi\u00e8re partie : il s&rsquo;agit de cookies envoy\u00e9s \u00e0 l&rsquo;\u00e9quipement terminal de l&rsquo;utilisateur \u00e0 partir d&rsquo;un ordinateur ou d&rsquo;un domaine g\u00e9r\u00e9 par le m\u00eame \u00e9diteur et \u00e0 partir duquel les services demand\u00e9s par l&rsquo;utilisateur sont fournis.<br>Cookies de tierce partie : il s&rsquo;agit de cookies envoy\u00e9s \u00e0 l&rsquo;\u00e9quipement terminal de l&rsquo;utilisateur \u00e0 partir d&rsquo;un ordinateur ou d&rsquo;un domaine qui n&rsquo;est pas g\u00e9r\u00e9 par l&rsquo;\u00e9diteur, mais par une autre entit\u00e9 qui traite les donn\u00e9es obtenues par le biais des cookies.<\/p><h3>Les cookies sont class\u00e9s en fonction de leur dur\u00e9e d&rsquo;activit\u00e9 :<\/h3><p>Cookies de session : il s&rsquo;agit d&rsquo;un type de cookie con\u00e7u pour demander et stocker des donn\u00e9es pendant que l&rsquo;utilisateur acc\u00e8de \u00e0 une page web.<br>Cookies persistants : Il s&rsquo;agit d&rsquo;un type de cookie dans lequel les donn\u00e9es restent stock\u00e9es dans le terminal et peuvent \u00eatre consult\u00e9es et trait\u00e9es pendant une p\u00e9riode d\u00e9finie par le responsable du cookie, qui peut aller de quelques minutes \u00e0 plusieurs ann\u00e9es.<\/p><h3>Cookies en fonction de l&rsquo;objectif :<\/h3><p>Cookies d&rsquo;analyse : Ce sont ceux qui, trait\u00e9s par le propri\u00e9taire du site, ou par des tiers, nous permettent de quantifier le nombre d&rsquo;utilisateurs et donc de r\u00e9aliser la mesure et l&rsquo;analyse statistique de l&rsquo;utilisation faite par les utilisateurs des services fournis \u00e0 travers le site web.<br>Pour ce faire, votre navigation sur le web est analys\u00e9e, afin d&rsquo;am\u00e9liorer l&rsquo;offre de produits ou de services que nous vous proposons.<br>Cookies publicitaires : Ce sont ceux qui permettent de g\u00e9rer, de la mani\u00e8re la plus efficace possible, les espaces publicitaires que, le cas \u00e9ch\u00e9ant, l&rsquo;\u00e9diteur a inclus sur un site Web, une application ou une plate-forme, \u00e0 partir de laquelle fournit le service demand\u00e9 sur la base de crit\u00e8res tels que le contenu \u00e9dit\u00e9 ou la fr\u00e9quence \u00e0 laquelle les annonces sont affich\u00e9es.<br>Les cookies sociaux sont n\u00e9cessaires pour les r\u00e9seaux sociaux externes (Facebook, Google, Twitter, Pinterest, Instagram, etc &#8230;). Sa fonction est de contr\u00f4ler l&rsquo;interaction avec les \u00a0\u00bb Widgets \u00a0\u00bb sociaux au sein du web.<br>Cookies de publicit\u00e9 comportementale : Ce sont ceux qui permettent de g\u00e9rer, de la mani\u00e8re la plus efficace possible, les espaces publicitaires que, le cas \u00e9ch\u00e9ant, l&rsquo;\u00e9diteur a inclus sur un site web, une application ou une plateforme \u00e0 partir de laquelle le service demand\u00e9 est fourni. Ces cookies stockent des informations sur le comportement des utilisateurs obtenues gr\u00e2ce \u00e0 l&rsquo;observation continue de leurs habitudes de navigation, ce qui permet de d\u00e9velopper un profil sp\u00e9cifique afin d&rsquo;afficher des publicit\u00e9s bas\u00e9es sur ce dernier.<br>Il est \u00e9galement possible que, lors de la visite d&rsquo;une page web ou de l&rsquo;ouverture d&rsquo;un courrier \u00e9lectronique o\u00f9 est publi\u00e9e une publicit\u00e9 ou une promotion sur certains produits ou services, le navigateur installe un cookie qui est utilis\u00e9 pour afficher ult\u00e9rieurement des publicit\u00e9s li\u00e9es \u00e0 la recherche effectu\u00e9e, pour d\u00e9velopper un contr\u00f4le des publicit\u00e9s en fonction, par exemple, du nombre de fois qu&rsquo;elles sont vues, de l&rsquo;endroit o\u00f9 elles apparaissent, de l&rsquo;heure \u00e0 laquelle elles sont vues, etc.<br>Vous trouverez ci-dessous les cookies non exclus, propres ou de tiers, qui sont utilis\u00e9s sur le site web.  <\/p><h3>Cookies analytiques de tiers :<\/h3><p>Google Analytics<br>Google, Inc. 1600 Amphitheatre Parkway, Mountain View (California), CA 94043, \u00c9tats-Unis (\u00ab\u00a0Google\u00a0\u00bb).<br>Google Analytics utilise des cookies, qui sont des fichiers texte plac\u00e9s sur votre ordinateur, pour aider le site Internet \u00e0 analyser l&rsquo;utilisation du site par ses utilisateurs. Les informations g\u00e9n\u00e9r\u00e9es par les cookies concernant votre utilisation du site (y compris votre adresse IP) seront transmises et stock\u00e9es par Google sur des serveurs situ\u00e9s aux Etats-Unis. Google utilisera ces informations en notre nom dans le but d&rsquo;\u00e9valuer votre utilisation du site, de compiler des rapports sur l&rsquo;activit\u00e9 du site pour les op\u00e9rateurs du site et de fournir d&rsquo;autres services li\u00e9s \u00e0 l&rsquo;activit\u00e9 du site et \u00e0 l&rsquo;utilisation d&rsquo;Internet.<br>Google peut \u00e9galement transf\u00e9rer ces informations \u00e0 des tiers si la loi l&rsquo;exige ou si ces tiers traitent les informations pour le compte de Google. Google ne recoupera pas votre adresse IP avec toute autre donn\u00e9e d\u00e9tenue par Google.<br>En utilisant ce site Internet, vous consentez express\u00e9ment au traitement de vos donn\u00e9es nominatives par Google dans les conditions et pour les finalit\u00e9s d\u00e9crites ci-dessus.<br>En tout \u00e9tat de cause, nous vous informons que pour demander l&rsquo;annulation du traitement de vos donn\u00e9es nominatives par Google, vous devez vous adresser \u00e0 cette soci\u00e9t\u00e9 \u00e0 cet effet. Le pr\u00eateur n&rsquo;a pas la capacit\u00e9 technique ou juridique de proc\u00e9der \u00e0 la cessation du traitement des donn\u00e9es en dehors du p\u00e9rim\u00e8tre d\u00e9limit\u00e9 par les fichiers et les moyens techniques dont il est propri\u00e9taire. Et sa responsabilit\u00e9 ne saurait \u00eatre engag\u00e9e \u00e0 ce titre.<br>Plus d&rsquo;informations sur : <br>www.google.es\/intl\/es\/policies\/technologies\/types\/     <br><a href=\"https:\/\/developers.google.com\/analytics\/devguides\/collection\/analyticsjs\/cookie-usage\">https:\/\/developers.google.com\/analytics\/devguides\/collection\/analyticsjs\/cookie-usage<\/a><\/p><p>Vous pouvez autoriser, bloquer ou supprimer les cookies install\u00e9s en s\u00e9lectionnant les param\u00e8tres appropri\u00e9s de votre navigateur. Cependant, vous devez savoir que si vous le faites, vous risquez de ne pas pouvoir utiliser toutes les fonctionnalit\u00e9s de ce site web.<br>Vous trouverez ci-dessous des liens vers des informations sur la mani\u00e8re de configurer vos pr\u00e9f\u00e9rences en mati\u00e8re de cookies dans les principaux navigateurs :<br>Google Chrome <a href=\"https:\/\/support.google.com\/chrome\/answer\/95647?hl=es\">: https:\/\/support.google.com\/chrome\/answer\/95647 ?hl=fr<\/a><br>Mozilla Firefox <a href=\"http:\/\/support.mozilla.org\/es\/kb\/cookies-informacion-que-los-sitios-web-guardan-en-?redirectlocale=en-US&amp;redirectslug=Cookies\">http:\/\/support.mozilla.org\/es\/kb\/cookies-informacion-que-los-sitios-web-guardan-en-?redirectlocale=en-US&amp;redirectslug=Cookies<\/a><br>Internet Explorer <a href=\"http:\/\/support.microsoft.com\/kb\/196955\/es\">http:\/\/support.microsoft.com\/kb\/196955\/es http:\/\/support.microsoft.com\/kb\/196955\/es<\/a><br>Safari <a href=\"https:\/\/support.apple.com\/kb\/PH21411?viewlocale=en_US&amp;locale=en_US\">https:\/\/support.apple.com\/kb\/PH21411?viewlocale=en_US&amp;locale=en_US<\/a><br>Safari IOS (iPhone, iPad) <a href=\"http:\/\/support.apple.com\/kb\/HT1677?viewlocale=es_ES&amp;locale=es_ES\">http:\/\/support.apple.com\/kb\/HT1677?viewlocale=es_ES&amp;locale=es_ES<\/a><br>CookiesFlash <a href=\"http:\/\/www.macromedia.com\/support\/documentation\/es\/flashplayer\/help\/settings_manager07.html\">http:\/\/www.macromedia.com\/support\/documentation\/es\/flashplayer\/help\/settings_manager07.html<\/a><\/p><p>Vous pouvez \u00e9galement utiliser des outils de blocage des cookies de suivi tels que Do Not Track, qui peut \u00eatre t\u00e9l\u00e9charg\u00e9 \u00e0 partir de<br><a href=\"http:\/\/www.abine.com\/dntdetail.php\">http:\/\/www.abine.com\/dntdetail.php<\/a>.<\/p><p>Vous pouvez \u00e9galement consulter les tutoriels vid\u00e9o publi\u00e9s par l&rsquo;Agence espagnole de protection des donn\u00e9es : <br><a href=\"http:\/\/www.youtube.com\/user\/desdelaAEPD\">http:\/\/www.youtube.com\/user\/desdelaAEPD<\/a><\/p><p>Pour en savoir plus sur les cookies <br><a href=\"http:\/\/es.wikipedia.org\/wiki\/Cookie_(inform%C3%A1tica)\">http:\/\/es.wikipedia.org\/wiki\/Cookie_(IT)<\/a><\/p><p>Si vous souhaitez nous contacter au sujet de notre politique en mati\u00e8re de cookies, vous pouvez le faire \u00e0 l&rsquo;adresse suivante : <a href=\"mailto:info@gpa.aero\">info@gpa.aero<\/a><\/p>\t\t\t\t\t\t\t\t<\/div>\n\t\t\t\t\t<\/div>\n\t\t\t\t<\/div>\n\t\t\t\t<\/div>\n\t\t","protected":false},"excerpt":{"rendered":"<p>Utilisation des cookies GESTI\u00d3 I PROMOCI\u00d3 AEROPORTU\u00c0RIA S.A.U. (GPA) sur son site web gpa.aero, pour son propre compte, par l&rsquo;interm\u00e9diaire de tiers, [&hellip;]<\/p>\n","protected":false},"author":2,"featured_media":0,"parent":0,"menu_order":0,"comment_status":"closed","ping_status":"open","template":"","meta":{"footnotes":""},"class_list":["post-2823","page","type-page","status-publish","hentry"],"yoast_head":"<!-- This site is optimized with the Yoast SEO plugin v27.1.1 - https:\/\/yoast.com\/product\/yoast-seo-wordpress\/ -->\n<title>Politique en mati\u00e8re de cookies | Aviation Consulting<\/title>\n<meta name=\"description\" content=\"Consultez notre politique en mati\u00e8re de cookies et d\u00e9couvrez quelles informations nous collectons, comment nous les utilisons et comment vous pouvez g\u00e9rer vos pr\u00e9f\u00e9rences.\" \/>\n<meta name=\"robots\" content=\"index, follow, max-snippet:-1, max-image-preview:large, max-video-preview:-1\" \/>\n<link rel=\"canonical\" href=\"https:\/\/www.gpa.aero\/fr\/politique-en-matiere-de-cookies\/\" \/>\n<meta property=\"og:locale\" content=\"fr_FR\" \/>\n<meta property=\"og:type\" content=\"article\" \/>\n<meta property=\"og:title\" content=\"Politique en mati\u00e8re de cookies | Aviation Consulting\" \/>\n<meta property=\"og:description\" content=\"Consultez notre politique en mati\u00e8re de cookies et d\u00e9couvrez quelles informations nous collectons, comment nous les utilisons et comment vous pouvez g\u00e9rer vos pr\u00e9f\u00e9rences.\" \/>\n<meta property=\"og:url\" content=\"https:\/\/www.gpa.aero\/fr\/politique-en-matiere-de-cookies\/\" \/>\n<meta property=\"og:site_name\" content=\"GPA\" \/>\n<meta property=\"article:modified_time\" content=\"2026-03-09T11:04:52+00:00\" \/>\n<meta name=\"twitter:card\" content=\"summary_large_image\" \/>\n<meta name=\"twitter:label1\" content=\"Dur\u00e9e de lecture estim\u00e9e\" \/>\n\t<meta name=\"twitter:data1\" content=\"7 minutes\" \/>\n<script type=\"application\/ld+json\" class=\"yoast-schema-graph\">{\"@context\":\"https:\/\/schema.org\",\"@graph\":[{\"@type\":\"WebPage\",\"@id\":\"https:\/\/www.gpa.aero\/fr\/politique-en-matiere-de-cookies\/\",\"url\":\"https:\/\/www.gpa.aero\/fr\/politique-en-matiere-de-cookies\/\",\"name\":\"Politique en mati\u00e8re de cookies | Aviation Consulting\",\"isPartOf\":{\"@id\":\"https:\/\/www.gpa.aero\/fr\/#website\"},\"datePublished\":\"2026-02-11T11:06:25+00:00\",\"dateModified\":\"2026-03-09T11:04:52+00:00\",\"description\":\"Consultez notre politique en mati\u00e8re de cookies et d\u00e9couvrez quelles informations nous collectons, comment nous les utilisons et comment vous pouvez g\u00e9rer vos pr\u00e9f\u00e9rences.\",\"breadcrumb\":{\"@id\":\"https:\/\/www.gpa.aero\/fr\/politique-en-matiere-de-cookies\/#breadcrumb\"},\"inLanguage\":\"fr-FR\",\"potentialAction\":[{\"@type\":\"ReadAction\",\"target\":[\"https:\/\/www.gpa.aero\/fr\/politique-en-matiere-de-cookies\/\"]}]},{\"@type\":\"BreadcrumbList\",\"@id\":\"https:\/\/www.gpa.aero\/fr\/politique-en-matiere-de-cookies\/#breadcrumb\",\"itemListElement\":[{\"@type\":\"ListItem\",\"position\":1,\"name\":\"Home\",\"item\":\"https:\/\/www.gpa.aero\/fr\/\"},{\"@type\":\"ListItem\",\"position\":2,\"name\":\"Politique en mati\u00e8re de cookies\"}]},{\"@type\":\"WebSite\",\"@id\":\"https:\/\/www.gpa.aero\/fr\/#website\",\"url\":\"https:\/\/www.gpa.aero\/fr\/\",\"name\":\"GPA\",\"description\":\"\",\"potentialAction\":[{\"@type\":\"SearchAction\",\"target\":{\"@type\":\"EntryPoint\",\"urlTemplate\":\"https:\/\/www.gpa.aero\/fr\/?s={search_term_string}\"},\"query-input\":{\"@type\":\"PropertyValueSpecification\",\"valueRequired\":true,\"valueName\":\"search_term_string\"}}],\"inLanguage\":\"fr-FR\"}]}<\/script>\n<!-- \/ Yoast SEO plugin. -->","yoast_head_json":{"title":"Politique en mati\u00e8re de cookies | Aviation Consulting","description":"Consultez notre politique en mati\u00e8re de cookies et d\u00e9couvrez quelles informations nous collectons, comment nous les utilisons et comment vous pouvez g\u00e9rer vos pr\u00e9f\u00e9rences.","robots":{"index":"index","follow":"follow","max-snippet":"max-snippet:-1","max-image-preview":"max-image-preview:large","max-video-preview":"max-video-preview:-1"},"canonical":"https:\/\/www.gpa.aero\/fr\/politique-en-matiere-de-cookies\/","og_locale":"fr_FR","og_type":"article","og_title":"Politique en mati\u00e8re de cookies | Aviation Consulting","og_description":"Consultez notre politique en mati\u00e8re de cookies et d\u00e9couvrez quelles informations nous collectons, comment nous les utilisons et comment vous pouvez g\u00e9rer vos pr\u00e9f\u00e9rences.","og_url":"https:\/\/www.gpa.aero\/fr\/politique-en-matiere-de-cookies\/","og_site_name":"GPA","article_modified_time":"2026-03-09T11:04:52+00:00","twitter_card":"summary_large_image","twitter_misc":{"Dur\u00e9e de lecture estim\u00e9e":"7 minutes"},"schema":{"@context":"https:\/\/schema.org","@graph":[{"@type":"WebPage","@id":"https:\/\/www.gpa.aero\/fr\/politique-en-matiere-de-cookies\/","url":"https:\/\/www.gpa.aero\/fr\/politique-en-matiere-de-cookies\/","name":"Politique en mati\u00e8re de cookies | Aviation Consulting","isPartOf":{"@id":"https:\/\/www.gpa.aero\/fr\/#website"},"datePublished":"2026-02-11T11:06:25+00:00","dateModified":"2026-03-09T11:04:52+00:00","description":"Consultez notre politique en mati\u00e8re de cookies et d\u00e9couvrez quelles informations nous collectons, comment nous les utilisons et comment vous pouvez g\u00e9rer vos pr\u00e9f\u00e9rences.","breadcrumb":{"@id":"https:\/\/www.gpa.aero\/fr\/politique-en-matiere-de-cookies\/#breadcrumb"},"inLanguage":"fr-FR","potentialAction":[{"@type":"ReadAction","target":["https:\/\/www.gpa.aero\/fr\/politique-en-matiere-de-cookies\/"]}]},{"@type":"BreadcrumbList","@id":"https:\/\/www.gpa.aero\/fr\/politique-en-matiere-de-cookies\/#breadcrumb","itemListElement":[{"@type":"ListItem","position":1,"name":"Home","item":"https:\/\/www.gpa.aero\/fr\/"},{"@type":"ListItem","position":2,"name":"Politique en mati\u00e8re de cookies"}]},{"@type":"WebSite","@id":"https:\/\/www.gpa.aero\/fr\/#website","url":"https:\/\/www.gpa.aero\/fr\/","name":"GPA","description":"","potentialAction":[{"@type":"SearchAction","target":{"@type":"EntryPoint","urlTemplate":"https:\/\/www.gpa.aero\/fr\/?s={search_term_string}"},"query-input":{"@type":"PropertyValueSpecification","valueRequired":true,"valueName":"search_term_string"}}],"inLanguage":"fr-FR"}]}},"_links":{"self":[{"href":"https:\/\/www.gpa.aero\/fr\/wp-json\/wp\/v2\/pages\/2823","targetHints":{"allow":["GET"]}}],"collection":[{"href":"https:\/\/www.gpa.aero\/fr\/wp-json\/wp\/v2\/pages"}],"about":[{"href":"https:\/\/www.gpa.aero\/fr\/wp-json\/wp\/v2\/types\/page"}],"author":[{"embeddable":true,"href":"https:\/\/www.gpa.aero\/fr\/wp-json\/wp\/v2\/users\/2"}],"replies":[{"embeddable":true,"href":"https:\/\/www.gpa.aero\/fr\/wp-json\/wp\/v2\/comments?post=2823"}],"version-history":[{"count":1,"href":"https:\/\/www.gpa.aero\/fr\/wp-json\/wp\/v2\/pages\/2823\/revisions"}],"predecessor-version":[{"id":2824,"href":"https:\/\/www.gpa.aero\/fr\/wp-json\/wp\/v2\/pages\/2823\/revisions\/2824"}],"wp:attachment":[{"href":"https:\/\/www.gpa.aero\/fr\/wp-json\/wp\/v2\/media?parent=2823"}],"curies":[{"name":"wp","href":"https:\/\/api.w.org\/{rel}","templated":true}]}}