{"id":2821,"date":"2026-02-11T11:06:25","date_gmt":"2026-02-11T11:06:25","guid":{"rendered":"https:\/\/www.gpa.aero\/cookie-policy\/"},"modified":"2026-03-09T11:03:23","modified_gmt":"2026-03-09T11:03:23","slug":"cookie-policy","status":"publish","type":"page","link":"https:\/\/www.gpa.aero\/en\/cookie-policy\/","title":{"rendered":"Cookie Policy"},"content":{"rendered":"\t\t<div data-elementor-type=\"wp-page\" data-elementor-id=\"2821\" class=\"elementor elementor-2821 elementor-938\" data-elementor-settings=\"{&quot;ha_cmc_init_switcher&quot;:&quot;no&quot;,&quot;element_pack_global_tooltip_width&quot;:{&quot;unit&quot;:&quot;px&quot;,&quot;size&quot;:&quot;&quot;,&quot;sizes&quot;:[]},&quot;element_pack_global_tooltip_width_tablet&quot;:{&quot;unit&quot;:&quot;px&quot;,&quot;size&quot;:&quot;&quot;,&quot;sizes&quot;:[]},&quot;element_pack_global_tooltip_width_mobile&quot;:{&quot;unit&quot;:&quot;px&quot;,&quot;size&quot;:&quot;&quot;,&quot;sizes&quot;:[]},&quot;element_pack_global_tooltip_padding&quot;:{&quot;unit&quot;:&quot;px&quot;,&quot;top&quot;:&quot;&quot;,&quot;right&quot;:&quot;&quot;,&quot;bottom&quot;:&quot;&quot;,&quot;left&quot;:&quot;&quot;,&quot;isLinked&quot;:true},&quot;element_pack_global_tooltip_padding_tablet&quot;:{&quot;unit&quot;:&quot;px&quot;,&quot;top&quot;:&quot;&quot;,&quot;right&quot;:&quot;&quot;,&quot;bottom&quot;:&quot;&quot;,&quot;left&quot;:&quot;&quot;,&quot;isLinked&quot;:true},&quot;element_pack_global_tooltip_padding_mobile&quot;:{&quot;unit&quot;:&quot;px&quot;,&quot;top&quot;:&quot;&quot;,&quot;right&quot;:&quot;&quot;,&quot;bottom&quot;:&quot;&quot;,&quot;left&quot;:&quot;&quot;,&quot;isLinked&quot;:true},&quot;element_pack_global_tooltip_border_radius&quot;:{&quot;unit&quot;:&quot;px&quot;,&quot;top&quot;:&quot;&quot;,&quot;right&quot;:&quot;&quot;,&quot;bottom&quot;:&quot;&quot;,&quot;left&quot;:&quot;&quot;,&quot;isLinked&quot;:true},&quot;element_pack_global_tooltip_border_radius_tablet&quot;:{&quot;unit&quot;:&quot;px&quot;,&quot;top&quot;:&quot;&quot;,&quot;right&quot;:&quot;&quot;,&quot;bottom&quot;:&quot;&quot;,&quot;left&quot;:&quot;&quot;,&quot;isLinked&quot;:true},&quot;element_pack_global_tooltip_border_radius_mobile&quot;:{&quot;unit&quot;:&quot;px&quot;,&quot;top&quot;:&quot;&quot;,&quot;right&quot;:&quot;&quot;,&quot;bottom&quot;:&quot;&quot;,&quot;left&quot;:&quot;&quot;,&quot;isLinked&quot;:true}}\">\n\t\t\t\t\t\t<div class=\"elementor-section elementor-top-section elementor-element elementor-element-df8c4cb elementor-section-boxed elementor-section-height-default elementor-section-height-default\" data-id=\"df8c4cb\" data-element_type=\"section\" data-e-type=\"section\" data-settings=\"{&quot;background_background&quot;:&quot;classic&quot;,&quot;_ha_eqh_enable&quot;:false}\">\n\t\t\t\t\t\t<div class=\"elementor-container elementor-column-gap-default\">\n\t\t\t\t\t<div class=\"elementor-column elementor-col-100 elementor-top-column elementor-element elementor-element-0fd5572\" data-id=\"0fd5572\" data-element_type=\"column\" data-e-type=\"column\">\n\t\t\t<div class=\"elementor-widget-wrap elementor-element-populated\">\n\t\t\t\t\t\t<div class=\"elementor-element elementor-element-8075eba elementor-widget__width-initial elementor-widget-tablet__width-initial elementor-widget-mobile__width-inherit elementor-widget elementor-widget-heading\" data-id=\"8075eba\" data-element_type=\"widget\" data-e-type=\"widget\" data-widget_type=\"heading.default\">\n\t\t\t\t\t<h1 class=\"elementor-heading-title elementor-size-default\">Use of Cookies<\/h1>\t\t\t\t<\/div>\n\t\t\t\t<div class=\"elementor-element elementor-element-e8b1009 elementor-widget elementor-widget-heading\" data-id=\"e8b1009\" data-element_type=\"widget\" data-e-type=\"widget\" data-widget_type=\"heading.default\">\n\t\t\t\t\t<h5 class=\"elementor-heading-title elementor-size-default\">GESTI\u00d3 I PROMOCI\u00d3 AEROPORTU\u00c0RIA S.A.U. (GPA) on its website gpa.aero, on its own account, through third parties, use cookies when a user browses the website.<\/h5>\t\t\t\t<\/div>\n\t\t\t\t\t<\/div>\n\t\t<\/div>\n\t\t\t\t\t<\/div>\n\t\t<\/div>\n\t\t<div class=\"elementor-element elementor-element-58f32d2a legal-style e-flex e-con-boxed e-con e-parent\" data-id=\"58f32d2a\" data-element_type=\"container\" data-e-type=\"container\" data-settings=\"{&quot;_ha_eqh_enable&quot;:false}\">\n\t\t\t\t\t<div class=\"e-con-inner\">\n\t\t\t\t<div class=\"elementor-element elementor-element-54c4a15a elementor-widget elementor-widget-text-editor\" data-id=\"54c4a15a\" data-element_type=\"widget\" data-e-type=\"widget\" data-widget_type=\"text-editor.default\">\n\t\t\t\t\t\t\t\t\t<p>A cookie is a small text file that is stored in your browser when you visit almost any web page and can be used for various purposes.<br>The cookies used by the website are only associated with an anonymous user and your computer, and do not themselves provide the user&#8217;s personal data.<br>Through the use of cookies it is possible that the server where the website is located, recognize the web browser used by the user in order to make navigation easier, allowing, for example, access to users who have registered previously, access areas, services, promotions or competitions reserved exclusively for them without having to register each visit. They are also used to measure the audience and traffic parameters, monitor the progress and number of entries or to display advertising tailored to user preferences. <\/p><h2>Type of cookies:<\/h2><h3>Excepted: (It is not necessary to inform of their existence or request consent for their use).<\/h3><p>User login cookies.<br>User identification or authentication cookies (session only).<br>User security cookies.<br>Media player cookies.<br>Session cookies for load balancing.<br>User interface customization cookies.<br>Plug-in cookies for sharing social content. <\/p><h3>Not excepted: (It will be necessary to inform of their existence and request consent for their use).<\/h3><p>All other cookies.<\/p><h3>Cookies according to the entity that manages them:<\/h3><p>Own Cookies: These are those that are sent to the user&#8217;s terminal equipment from a computer or domain managed by the same editor and from which the services requested by the user are provided.<br>Third-party Cookies: These are those that are sent to the user&#8217;s terminal equipment from a computer or domain that is not managed by the editor, but by another entity that processes the data obtained through the cookies.<\/p><h3>Cookies according to the time they remain active:<\/h3><p>Session Cookies: These are a type of cookies designed to request and store data while the user accesses a web page.<br>Persistent Cookies: They are a type of cookies in which the data remain stored in the terminal and can be accessed and treated for a period defined by the person responsible for the cookie and that can range from a few minutes to several years.<\/p><h3>Cookies according to purpose:<\/h3><p>Analysis Cookies: These are those that, treated by the owner of the site, or by third parties, allow us to quantify the number of users and thus perform the measurement and statistical analysis of the use made by users of the services provided through the website.<br>To do this, we analyze your browsing on the web, in order to improve the supply of products or services we offer.<br>Advertising Cookies: These are those that allow the management, in the most effective way possible, the advertising spaces that, where appropriate, the editor has included on a website, application or platform, from which provides the requested service based on criteria such as the edited content or the frequency at which the ads are displayed.<br>Social Cookies are necessary for external social networks (Facebook, Google, Twitter, Pinterest, Instagram, etc &#8230;). Its function is to control the interaction with the social &#8220;Widgets&#8221; within the web.<br>Behavioral advertising cookies: They are those that allow the management, in the most effective way possible of advertising spaces that, where appropriate, the editor has included on a website, application or platform from which provides the requested service. These cookies store information on user behavior obtained through the continuous observation of their browsing habits, which allows the development of a specific profile to display advertising based on the same.<br>It is also possible that when visiting a web page or opening an email where an advertisement or promotion on certain products or services is published, the browser installs a cookie that is used to subsequently display advertising related to the research that has been done, to develop a control of the ads in relation, for example, with the number of times they are seen, where they appear, what time they are seen, etc &#8230;<br>Below is indicated which non-excluded cookies, own or third parties, are used on the website.  <\/p><h3>Third-party analytical cookies:<\/h3><p>Google Analytics<br>Google, Inc., 1600 Amphitheatre Parkway, Mountain View (California), CA 94043, United States (&#8220;Google&#8221;).<br>Google Analytics uses cookies, which are text files placed on your computer, to help the website analyze how users use the site. The information generated by the cookie about your use of the website (including your IP address) will be transmitted to and stored by Google on its servers in the United States. Google will use this information on our behalf for the purpose of evaluating your use of the website, compiling reports on website activity for website operators and providing other services relating to website activity and internet usage.<br>Google may also transfer this information to third parties where required to do so by law, or where such third parties process the information on Google&#8217;s behalf. Google will not associate your IP address with any other data held by Google.<br>By using this website you consent to the processing of data about you by Google in the manner and for the purposes set out above.<br>In any case, we inform you that to request the cancellation of any processing of data carried out by Google, you must contact this company for this purpose. The lender does not have the technical or legal capacity to proceed to the cessation of data processing outside the scope delimited by files and technical means of its ownership. And it can not be held liable in this regard.<br>More information at: <br>www.google.es\/intl\/es\/policies\/technologies\/types\/     <br><a href=\"https:\/\/developers.google.com\/analytics\/devguides\/collection\/analyticsjs\/cookie-usage\">https:\/\/developers.google.com\/analytics\/devguides\/collection\/analyticsjs\/cookie-usage<\/a><\/p><p>You can allow, block or delete cookies installed, by selecting the appropriate settings on your browser, however, you should know that if you do so you may not be able to use the full functionality of this website.<br>Here are links where you will find information on how to configure your preferences regarding cookies in the main browsers:<br>Google Chrome: <a href=\"https:\/\/support.google.com\/chrome\/answer\/95647?hl=es\">https:\/\/support.google.com\/chrome\/answer\/95647?hl=en<\/a><br>Mozilla Firefox <a href=\"http:\/\/support.mozilla.org\/es\/kb\/cookies-informacion-que-los-sitios-web-guardan-en-?redirectlocale=en-US&amp;redirectslug=Cookies\">http:\/\/support.mozilla.org\/es\/kb\/cookies-informacion-que-los-sitios-web-guardan-en-?redirectlocale=en-US&amp;redirectslug=Cookies<\/a><br>Internet Explorer <a href=\"http:\/\/support.microsoft.com\/kb\/196955\/es\">http:\/\/support.microsoft.com\/kb\/196955\/es<\/a><br>Safari <a href=\"https:\/\/support.apple.com\/kb\/PH21411?viewlocale=en_US&amp;locale=en_US\">https:\/\/support.apple.com\/kb\/PH21411?viewlocale=en_US&amp;locale=en_US<\/a><br>Safari IOS (iPhone, iPad) <a href=\"http:\/\/support.apple.com\/kb\/HT1677?viewlocale=es_ES&amp;locale=es_ES\">http:\/\/support.apple.com\/kb\/HT1677?viewlocale=es_ES&amp;locale=es_ES<\/a><br>CookiesFlash <a href=\"http:\/\/www.macromedia.com\/support\/documentation\/es\/flashplayer\/help\/settings_manager07.html\">http:\/\/www.macromedia.com\/support\/documentation\/es\/flashplayer\/help\/settings_manager07.html http:\/\/www.macromedia.com\/support\/documentation\/es\/flashplayer\/help\/settings_manager07.html<\/a><\/p><p>You can also use tracking cookie blocking tools such as Do Not Track, which can be downloaded from<br><a href=\"http:\/\/www.abine.com\/dntdetail.php\">http:\/\/www.abine.com\/dntdetail.php<\/a>.<\/p><p>Or you may consult the video tutorials published by the Spanish Data Protection Agency: <br><a href=\"http:\/\/www.youtube.com\/user\/desdelaAEPD\">http:\/\/www.youtube.com\/user\/desdelaAEPD<\/a><\/p><p>To learn more about Cookies <br><a href=\"http:\/\/es.wikipedia.org\/wiki\/Cookie_(inform%C3%A1tica)\">http:\/\/es.wikipedia.org\/wiki\/Cookie_(informatics)<\/a><\/p><p>If you wish to contact us regarding our cookies policy, you can do so at: <a href=\"mailto:info@gpa.aero\">info@gpa.aero<\/a><\/p>\t\t\t\t\t\t\t\t<\/div>\n\t\t\t\t\t<\/div>\n\t\t\t\t<\/div>\n\t\t\t\t<\/div>\n\t\t","protected":false},"excerpt":{"rendered":"<p>Use of Cookies GESTI\u00d3 I PROMOCI\u00d3 AEROPORTU\u00c0RIA S.A.U. (GPA) on its website gpa.aero, on its own account, through third parties, use cookies [&hellip;]<\/p>\n","protected":false},"author":2,"featured_media":0,"parent":0,"menu_order":0,"comment_status":"closed","ping_status":"open","template":"","meta":{"footnotes":""},"class_list":["post-2821","page","type-page","status-publish","hentry"],"yoast_head":"<!-- This site is optimized with the Yoast SEO plugin v27.1.1 - https:\/\/yoast.com\/product\/yoast-seo-wordpress\/ -->\n<title>Cookie Policy | Aviation Consulting<\/title>\n<meta name=\"description\" content=\"View our cookie policy and learn what information we collect, how we use it and how you can manage your preferences.\" \/>\n<meta name=\"robots\" content=\"index, follow, max-snippet:-1, max-image-preview:large, max-video-preview:-1\" \/>\n<link rel=\"canonical\" href=\"https:\/\/www.gpa.aero\/en\/cookie-policy\/\" \/>\n<meta property=\"og:locale\" content=\"en_US\" \/>\n<meta property=\"og:type\" content=\"article\" \/>\n<meta property=\"og:title\" content=\"Cookie Policy | Aviation Consulting\" \/>\n<meta property=\"og:description\" content=\"View our cookie policy and learn what information we collect, how we use it and how you can manage your preferences.\" \/>\n<meta property=\"og:url\" content=\"https:\/\/www.gpa.aero\/en\/cookie-policy\/\" \/>\n<meta property=\"og:site_name\" content=\"GPA\" \/>\n<meta property=\"article:modified_time\" content=\"2026-03-09T11:03:23+00:00\" \/>\n<meta name=\"twitter:card\" content=\"summary_large_image\" \/>\n<meta name=\"twitter:label1\" content=\"Est. reading time\" \/>\n\t<meta name=\"twitter:data1\" content=\"6 minutes\" \/>\n<script type=\"application\/ld+json\" class=\"yoast-schema-graph\">{\"@context\":\"https:\/\/schema.org\",\"@graph\":[{\"@type\":\"WebPage\",\"@id\":\"https:\/\/www.gpa.aero\/en\/cookie-policy\/\",\"url\":\"https:\/\/www.gpa.aero\/en\/cookie-policy\/\",\"name\":\"Cookie Policy | Aviation Consulting\",\"isPartOf\":{\"@id\":\"https:\/\/www.gpa.aero\/en\/#website\"},\"datePublished\":\"2026-02-11T11:06:25+00:00\",\"dateModified\":\"2026-03-09T11:03:23+00:00\",\"description\":\"View our cookie policy and learn what information we collect, how we use it and how you can manage your preferences.\",\"breadcrumb\":{\"@id\":\"https:\/\/www.gpa.aero\/en\/cookie-policy\/#breadcrumb\"},\"inLanguage\":\"en-US\",\"potentialAction\":[{\"@type\":\"ReadAction\",\"target\":[\"https:\/\/www.gpa.aero\/en\/cookie-policy\/\"]}]},{\"@type\":\"BreadcrumbList\",\"@id\":\"https:\/\/www.gpa.aero\/en\/cookie-policy\/#breadcrumb\",\"itemListElement\":[{\"@type\":\"ListItem\",\"position\":1,\"name\":\"Home\",\"item\":\"https:\/\/www.gpa.aero\/en\/\"},{\"@type\":\"ListItem\",\"position\":2,\"name\":\"Cookie Policy\"}]},{\"@type\":\"WebSite\",\"@id\":\"https:\/\/www.gpa.aero\/en\/#website\",\"url\":\"https:\/\/www.gpa.aero\/en\/\",\"name\":\"GPA\",\"description\":\"\",\"potentialAction\":[{\"@type\":\"SearchAction\",\"target\":{\"@type\":\"EntryPoint\",\"urlTemplate\":\"https:\/\/www.gpa.aero\/en\/?s={search_term_string}\"},\"query-input\":{\"@type\":\"PropertyValueSpecification\",\"valueRequired\":true,\"valueName\":\"search_term_string\"}}],\"inLanguage\":\"en-US\"}]}<\/script>\n<!-- \/ Yoast SEO plugin. -->","yoast_head_json":{"title":"Cookie Policy | Aviation Consulting","description":"View our cookie policy and learn what information we collect, how we use it and how you can manage your preferences.","robots":{"index":"index","follow":"follow","max-snippet":"max-snippet:-1","max-image-preview":"max-image-preview:large","max-video-preview":"max-video-preview:-1"},"canonical":"https:\/\/www.gpa.aero\/en\/cookie-policy\/","og_locale":"en_US","og_type":"article","og_title":"Cookie Policy | Aviation Consulting","og_description":"View our cookie policy and learn what information we collect, how we use it and how you can manage your preferences.","og_url":"https:\/\/www.gpa.aero\/en\/cookie-policy\/","og_site_name":"GPA","article_modified_time":"2026-03-09T11:03:23+00:00","twitter_card":"summary_large_image","twitter_misc":{"Est. reading time":"6 minutes"},"schema":{"@context":"https:\/\/schema.org","@graph":[{"@type":"WebPage","@id":"https:\/\/www.gpa.aero\/en\/cookie-policy\/","url":"https:\/\/www.gpa.aero\/en\/cookie-policy\/","name":"Cookie Policy | Aviation Consulting","isPartOf":{"@id":"https:\/\/www.gpa.aero\/en\/#website"},"datePublished":"2026-02-11T11:06:25+00:00","dateModified":"2026-03-09T11:03:23+00:00","description":"View our cookie policy and learn what information we collect, how we use it and how you can manage your preferences.","breadcrumb":{"@id":"https:\/\/www.gpa.aero\/en\/cookie-policy\/#breadcrumb"},"inLanguage":"en-US","potentialAction":[{"@type":"ReadAction","target":["https:\/\/www.gpa.aero\/en\/cookie-policy\/"]}]},{"@type":"BreadcrumbList","@id":"https:\/\/www.gpa.aero\/en\/cookie-policy\/#breadcrumb","itemListElement":[{"@type":"ListItem","position":1,"name":"Home","item":"https:\/\/www.gpa.aero\/en\/"},{"@type":"ListItem","position":2,"name":"Cookie Policy"}]},{"@type":"WebSite","@id":"https:\/\/www.gpa.aero\/en\/#website","url":"https:\/\/www.gpa.aero\/en\/","name":"GPA","description":"","potentialAction":[{"@type":"SearchAction","target":{"@type":"EntryPoint","urlTemplate":"https:\/\/www.gpa.aero\/en\/?s={search_term_string}"},"query-input":{"@type":"PropertyValueSpecification","valueRequired":true,"valueName":"search_term_string"}}],"inLanguage":"en-US"}]}},"_links":{"self":[{"href":"https:\/\/www.gpa.aero\/en\/wp-json\/wp\/v2\/pages\/2821","targetHints":{"allow":["GET"]}}],"collection":[{"href":"https:\/\/www.gpa.aero\/en\/wp-json\/wp\/v2\/pages"}],"about":[{"href":"https:\/\/www.gpa.aero\/en\/wp-json\/wp\/v2\/types\/page"}],"author":[{"embeddable":true,"href":"https:\/\/www.gpa.aero\/en\/wp-json\/wp\/v2\/users\/2"}],"replies":[{"embeddable":true,"href":"https:\/\/www.gpa.aero\/en\/wp-json\/wp\/v2\/comments?post=2821"}],"version-history":[{"count":1,"href":"https:\/\/www.gpa.aero\/en\/wp-json\/wp\/v2\/pages\/2821\/revisions"}],"predecessor-version":[{"id":2822,"href":"https:\/\/www.gpa.aero\/en\/wp-json\/wp\/v2\/pages\/2821\/revisions\/2822"}],"wp:attachment":[{"href":"https:\/\/www.gpa.aero\/en\/wp-json\/wp\/v2\/media?parent=2821"}],"curies":[{"name":"wp","href":"https:\/\/api.w.org\/{rel}","templated":true}]}}