{"id":2819,"date":"2026-02-11T11:06:25","date_gmt":"2026-02-11T11:06:25","guid":{"rendered":"https:\/\/www.gpa.aero\/politica-de-cookies\/"},"modified":"2026-03-09T10:46:43","modified_gmt":"2026-03-09T10:46:43","slug":"politica-de-cookies","status":"publish","type":"page","link":"https:\/\/www.gpa.aero\/ca\/politica-de-cookies\/","title":{"rendered":"Pol\u00edtica de cookies"},"content":{"rendered":"\t\t<div data-elementor-type=\"wp-page\" data-elementor-id=\"2819\" class=\"elementor elementor-2819 elementor-938\" data-elementor-settings=\"{&quot;ha_cmc_init_switcher&quot;:&quot;no&quot;,&quot;element_pack_global_tooltip_width&quot;:{&quot;unit&quot;:&quot;px&quot;,&quot;size&quot;:&quot;&quot;,&quot;sizes&quot;:[]},&quot;element_pack_global_tooltip_width_tablet&quot;:{&quot;unit&quot;:&quot;px&quot;,&quot;size&quot;:&quot;&quot;,&quot;sizes&quot;:[]},&quot;element_pack_global_tooltip_width_mobile&quot;:{&quot;unit&quot;:&quot;px&quot;,&quot;size&quot;:&quot;&quot;,&quot;sizes&quot;:[]},&quot;element_pack_global_tooltip_padding&quot;:{&quot;unit&quot;:&quot;px&quot;,&quot;top&quot;:&quot;&quot;,&quot;right&quot;:&quot;&quot;,&quot;bottom&quot;:&quot;&quot;,&quot;left&quot;:&quot;&quot;,&quot;isLinked&quot;:true},&quot;element_pack_global_tooltip_padding_tablet&quot;:{&quot;unit&quot;:&quot;px&quot;,&quot;top&quot;:&quot;&quot;,&quot;right&quot;:&quot;&quot;,&quot;bottom&quot;:&quot;&quot;,&quot;left&quot;:&quot;&quot;,&quot;isLinked&quot;:true},&quot;element_pack_global_tooltip_padding_mobile&quot;:{&quot;unit&quot;:&quot;px&quot;,&quot;top&quot;:&quot;&quot;,&quot;right&quot;:&quot;&quot;,&quot;bottom&quot;:&quot;&quot;,&quot;left&quot;:&quot;&quot;,&quot;isLinked&quot;:true},&quot;element_pack_global_tooltip_border_radius&quot;:{&quot;unit&quot;:&quot;px&quot;,&quot;top&quot;:&quot;&quot;,&quot;right&quot;:&quot;&quot;,&quot;bottom&quot;:&quot;&quot;,&quot;left&quot;:&quot;&quot;,&quot;isLinked&quot;:true},&quot;element_pack_global_tooltip_border_radius_tablet&quot;:{&quot;unit&quot;:&quot;px&quot;,&quot;top&quot;:&quot;&quot;,&quot;right&quot;:&quot;&quot;,&quot;bottom&quot;:&quot;&quot;,&quot;left&quot;:&quot;&quot;,&quot;isLinked&quot;:true},&quot;element_pack_global_tooltip_border_radius_mobile&quot;:{&quot;unit&quot;:&quot;px&quot;,&quot;top&quot;:&quot;&quot;,&quot;right&quot;:&quot;&quot;,&quot;bottom&quot;:&quot;&quot;,&quot;left&quot;:&quot;&quot;,&quot;isLinked&quot;:true}}\">\n\t\t\t\t\t\t<div class=\"elementor-section elementor-top-section elementor-element elementor-element-df8c4cb elementor-section-boxed elementor-section-height-default elementor-section-height-default\" data-id=\"df8c4cb\" data-element_type=\"section\" data-e-type=\"section\" data-settings=\"{&quot;background_background&quot;:&quot;classic&quot;,&quot;_ha_eqh_enable&quot;:false}\">\n\t\t\t\t\t\t<div class=\"elementor-container elementor-column-gap-default\">\n\t\t\t\t\t<div class=\"elementor-column elementor-col-100 elementor-top-column elementor-element elementor-element-0fd5572\" data-id=\"0fd5572\" data-element_type=\"column\" data-e-type=\"column\">\n\t\t\t<div class=\"elementor-widget-wrap elementor-element-populated\">\n\t\t\t\t\t\t<div class=\"elementor-element elementor-element-8075eba elementor-widget__width-initial elementor-widget-tablet__width-initial elementor-widget-mobile__width-inherit elementor-widget elementor-widget-heading\" data-id=\"8075eba\" data-element_type=\"widget\" data-e-type=\"widget\" data-widget_type=\"heading.default\">\n\t\t\t\t\t<h1 class=\"elementor-heading-title elementor-size-default\">\u00das de galetes<\/h1>\t\t\t\t<\/div>\n\t\t\t\t<div class=\"elementor-element elementor-element-e8b1009 elementor-widget elementor-widget-heading\" data-id=\"e8b1009\" data-element_type=\"widget\" data-e-type=\"widget\" data-widget_type=\"heading.default\">\n\t\t\t\t\t<h5 class=\"elementor-heading-title elementor-size-default\">GESTI\u00d3 I PROMOCI\u00d3 AEROPORTU\u00c0RIA SAU (GPA) al seu lloc web gpa.aero, per compte propi, a trav\u00e9s de tercers, utilitzen cookies quan un usuari navega pel lloc web.<\/h5>\t\t\t\t<\/div>\n\t\t\t\t\t<\/div>\n\t\t<\/div>\n\t\t\t\t\t<\/div>\n\t\t<\/div>\n\t\t<div class=\"elementor-element elementor-element-58f32d2a legal-style e-flex e-con-boxed e-con e-parent\" data-id=\"58f32d2a\" data-element_type=\"container\" data-e-type=\"container\" data-settings=\"{&quot;_ha_eqh_enable&quot;:false}\">\n\t\t\t\t\t<div class=\"e-con-inner\">\n\t\t\t\t<div class=\"elementor-element elementor-element-54c4a15a elementor-widget elementor-widget-text-editor\" data-id=\"54c4a15a\" data-element_type=\"widget\" data-e-type=\"widget\" data-widget_type=\"text-editor.default\">\n\t\t\t\t\t\t\t\t\t<p>Una galeta \u00e9s un petit arxiu de text que s&#8217;emmagatzema al vostre navegador quan visita gaireb\u00e9 qualsevol p\u00e0gina web i es pot destinar a diverses finalitats.<br> Les cookies utilitzades pel lloc web s&#8217;associen \u00fanicament a un usuari an\u00f2nim i el vostre ordinador, i no proporcionen per si mateixes les dades personals de l&#8217;usuari.<br> Mitjan\u00e7ant l&#8217;\u00fas de les galetes \u00e9s possible que el servidor on es troba la web, reconegui el navegador web utilitzat per l&#8217;usuari amb la finalitat que la navegaci\u00f3 sigui m\u00e9s senzilla, permetent, per exemple, l&#8217;acc\u00e9s als usuaris que s&#8217;hagin registrat pr\u00e8viament, accedir a les \u00e0rees, serveis, promocions o concursos reservats exclusivament a ells sense haver de registrar-se a cada visita. S&#8217;utilitzen tamb\u00e9 per mesurar l&#8217;audi\u00e8ncia i els par\u00e0metres del tr\u00e0nsit, controlar el progr\u00e9s i el nombre d&#8217;entrades o per mostrar publicitat adaptada a les prefer\u00e8ncies de l&#8217;usuari. <\/p><h2>Tipus de cookies:<\/h2><h3>Exceptuades: (No cal informar de la seva exist\u00e8ncia ni sol\u00b7licitar consentiment per al seu \u00fas)<\/h3><p>Galetes d&#8217;entrada d&#8217;usuari.<br> Galetes d&#8217;identificaci\u00f3 o autenticaci\u00f3 de l&#8217;usuari. (\u00danicament de sessi\u00f3).<br> Galetes de seguretat de l&#8217;usuari.<br> Galetes de reproductor multim\u00e8dia.<br> Galetes de sessi\u00f3 per equilibrar la c\u00e0rrega.<br> Galetes de personalitzaci\u00f3 de la interf\u00edcie d&#8217;usuari.<br> Galetes de complement (plug-in) per intercanviar continguts socials. <\/p><h3>No exceptuades: (Caldr\u00e0 informar de la seva exist\u00e8ncia i sol\u00b7licitud consentiment per al seu \u00fas)<\/h3><p>La resta de galetes.<\/p><h3>Cookies segons entitat que les gestioni:<\/h3><p>Cookies pr\u00f2pies: S\u00f3n les que s&#8217;envien a l&#8217;equip terminal de l&#8217;usuari des d&#8217;un equip o domini gestionat pel mateix editor i des del qual es presta el serveis sol\u00b7licitat per l&#8217;usuari.<br> Galetes de tercer: S\u00f3n aquelles que s&#8217;envien a l&#8217;equip terminal de l&#8217;usuari des d&#8217;un equip o domini que no \u00e9s gestionat per l&#8217;editor, sin\u00f3 per una altra entitat que tracta les dades obtingudes a trav\u00e9s de les galetes.<\/p><h3>Cookies segons el temps que romanen activitats:<\/h3><p>Galetes de sessi\u00f3: S\u00f3n un tipus de galetes dissenyades per demanar i emmagatzemar dades, mentre l&#8217;usuari accedeix a una p\u00e0gina web.<br> Cookies persistents: S\u00f3n un tipus de cookies on les dades segueixen emmagatzemades al terminal i poden ser accedides i tractades durant un per\u00edode definit pel responsable de la galeta i que pot anar d&#8217;uns minuts a diversos anys.<\/p><h3>Cookies segons finalitat:<\/h3><p>Cookies d&#8217;an\u00e0lisi: S\u00f3n aquelles que, tractades pel titular del lloc, o per tercers, permeten quantificar el nombre d&#8217;usuaris i aix\u00ed realitzar la mesura i l&#8217;an\u00e0lisi estad\u00edstica de la utilitzaci\u00f3 que fan els usuaris dels serveis prestats a trav\u00e9s del lloc web.<br> Per aix\u00f2, se n&#8217;analitza la navegaci\u00f3 a la web, per tal de millorar l&#8217;oferta de productes o serveis que us oferim.<br> Galetes publicit\u00e0ries: S\u00f3n aquelles que permeten la gesti\u00f3, de la manera m\u00e9s efica\u00e7 possible, els espais publicitaris que, si escau, l&#8217;editor hagi incl\u00f2s en un lloc web, aplicaci\u00f3 o plataforma, des de la qual presta el servei sol\u00b7licitat basant-se en criteris com el contingut editat o la freq\u00fc\u00e8ncia en qu\u00e8 es mostren els anuncis.<br> Cookies socials s\u00f3n necess\u00e0ries per a les xarxes socials externes (Facebook, Google, Twitter, Pinterest, Instagram, etc\u2026). La seva funci\u00f3 \u00e9s controlar la interacci\u00f3 amb els Widgets socials dins de la web.<br> Galetes de publicitat comportamental: S\u00f3n aquelles que permeten la gesti\u00f3, de la manera m\u00e9s efica\u00e7 possible dels espais publicitaris que, si escau, l&#8217;editor hagi incl\u00f2s en un lloc web, aplicaci\u00f3 o plataforma des de la qual presta el servei sol\u00b7licitat. Aquestes galetes emmagatzemen informaci\u00f3 del comportament d&#8217;usuaris obtinguda a trav\u00e9s de l&#8217;observaci\u00f3 continuada dels seus h\u00e0bits de navegaci\u00f3, cosa que permet desenvolupar un perfil espec\u00edfic per mostrar publicitat en funci\u00f3 del mateix.<br> Tamb\u00e9 \u00e9s possible que en visitar alguna p\u00e0gina web o en obrir algun email on es publiqui algun anunci o alguna promoci\u00f3 sobre determinats productes o serveis instal\u00b7li el navegador alguna galeta que s&#8217;utilitza per mostrar posteriorment publicitat relacionada amb la investigaci\u00f3 que s&#8217;hagi realitzat, per desenvolupar un control dels anuncis en relaci\u00f3, per exemple, amb el nombre de vegades que s\u00f3n vists, on apareixen, a quina hora es veuen, etc\u2026<br> A continuaci\u00f3 s&#8217;indica quines galetes no excloses, pr\u00f2pies o de tercers, s&#8217;utilitzen al lloc web.  <\/p><h3>Cookies anal\u00edtiques de tercers:<\/h3><p>Google Analytics<br> Google, Inc., 1600 Amphitheatre Parkway, Mountain View (Calif\u00f2rnia), CA 94043, Estats Units (\u201cGoogle\u201d).<br> Google Analytics utilitza cookies, que s\u00f3n fitxers de text ubicats al vostre ordinador, per ajudar el lloc web a analitzar l&#8217;\u00fas que fan els usuaris del lloc web. La informaci\u00f3 que genera la galeta sobre el seu \u00fas del lloc web (incloent-hi l&#8217;adre\u00e7a IP) ser\u00e0 directament transmesa i arxivada per Google als seus servidors dels Estats Units. Google utilitzar\u00e0 aquesta informaci\u00f3, per compte nostre, amb el prop\u00f2sit de seguir la pista del vostre \u00fas del lloc web, recopilant informes de l&#8217;activitat del lloc web i prestant altres serveis relacionats amb l&#8217;activitat del lloc web i l&#8217;\u00fas d&#8217;Internet.<br> Google podr\u00e0 transmetre aquesta informaci\u00f3 a tercers quan aix\u00ed ho requereixi la legislaci\u00f3, o quan aquests tercers processin la informaci\u00f3 per compte de Google. Google no associar\u00e0 la vostra adre\u00e7a IP amb cap altra dada de qu\u00e8 disposi Google.<br> En utilitzar aquest lloc web consenteix el tractament d&#8217;informaci\u00f3 sobre vost\u00e8 per Google en la forma i per als fins indicats m\u00e9s amunt.<br> En tot cas, us informem que per instar la cancel\u00b7laci\u00f3 dels possibles tractaments de dades duts a terme per Google, haureu de dirigir aquesta companyia, a aquest efecte. El prestador no t\u00e9 la capacitat t\u00e8cnica ni legal, per procedir al cessament en el tractament de dades fora de l\u00e0mbit delimitat per arxius i mitjans t\u00e8cnics de la seva titularitat. I no se li poden exigir responsabilitats en aquest sentit.<br> M\u00e9s informaci\u00f3 a:<br> www.google.es\/intl\/es\/policies\/technologies\/types\/     <br><a href=\"https:\/\/developers.google.com\/analytics\/devguides\/collection\/analyticsjs\/cookie-usage\">https:\/\/developers.google.com\/analytics\/devguides\/collection\/analyticsjs\/cookie-usage<\/a><\/p><p>Podeu permetre, bloquejar o eliminar les cookies instal\u00b7lades, mitjan\u00e7ant la selecci\u00f3 de la configuraci\u00f3 apropiada del vostre navegador, per\u00f2, ha de saber que si ho fa pot ser que no pugui utilitzar la plena funcionalitat d&#8217;aquest lloc web.<br> A continuaci\u00f3 us oferim enlla\u00e7os on trobareu informaci\u00f3 sobre com configurar les vostres prefer\u00e8ncies respecte a les cookies als principals navegadors:<br> Google Chrome: <a href=\"https:\/\/support.google.com\/chrome\/answer\/95647?hl=es\">https:\/\/support.google.com\/chrome\/answer\/95647?hl=ca<\/a><br> Mozilla Firefox <a href=\"http:\/\/support.mozilla.org\/es\/kb\/cookies-informacion-que-los-sitios-web-guardan-en-?redirectlocale=en-US&amp;redirectslug=Cookies\">http:\/\/support.mozilla.org\/es\/kb\/cookies-informacion-que-los-sitios-web-guardan-en-?redirectlocale=en-US&amp;redirectslug=Cookies<\/a><br> Internet Explorer <a href=\"http:\/\/support.microsoft.com\/kb\/196955\/es\">http:\/\/support.microsoft.com\/kb\/196955\/es<\/a><br> Safari <a href=\"https:\/\/support.apple.com\/kb\/PH21411?viewlocale=en_US&amp;locale=en_US\">https:\/\/support.apple.com\/kb\/PH21411?viewlocale=en_US&amp;locale=en_US<\/a><br> Safari IOS (iPhone, iPad) <a href=\"http:\/\/support.apple.com\/kb\/HT1677?viewlocale=es_ES&amp;locale=es_ES\">http:\/\/support.apple.com\/kb\/HT1677?viewlocale=ca_ES&amp;locale=ca_CA<\/a><br> CookiesFlash <a href=\"http:\/\/www.macromedia.com\/support\/documentation\/es\/flashplayer\/help\/settings_manager07.html\">http:\/\/www.macromedia.com\/support\/documentation\/ca\/flashplayer\/help\/settings_manager07.html<\/a><\/p><p>Aix\u00ed mateix, podeu utilitzar eines de bloqueig de cookies de rastreig com Do Not Track, que es pot descarregar del lloc:<br> <a href=\"http:\/\/www.abine.com\/dntdetail.php\">http:\/\/www.abine.com\/dntdetail.php<\/a><\/p><p>O podeu consultar els v\u00eddeos tutorials publicats per l&#8217;Ag\u00e8ncia Espanyola de Protecci\u00f3 de Dades:<br> <a href=\"http:\/\/www.youtube.com\/user\/desdelaAEPD\">http:\/\/www.youtube.com\/user\/desdelaAEPD<\/a><\/p><p>Per con\u00e8ixer m\u00e9s sobre les galetes<br> <a href=\"http:\/\/es.wikipedia.org\/wiki\/Cookie_(inform%C3%A1tica)\">http:\/\/es.wikipedia.org\/wiki\/Cookie_(inform\u00e0tica)<\/a><\/p><p>Si voleu contactar amb nosaltres, respecte a la nostra pol\u00edtica de cookies, podeu fer-ho a: <a href=\"mailto:info@gpa.aero\">info@gpa.aero<\/a><\/p>\t\t\t\t\t\t\t\t<\/div>\n\t\t\t\t\t<\/div>\n\t\t\t\t<\/div>\n\t\t\t\t<\/div>\n\t\t","protected":false},"excerpt":{"rendered":"<p>\u00das de galetes GESTI\u00d3 I PROMOCI\u00d3 AEROPORTU\u00c0RIA SAU (GPA) al seu lloc web gpa.aero, per compte propi, a trav\u00e9s de tercers, utilitzen [&hellip;]<\/p>\n","protected":false},"author":2,"featured_media":0,"parent":0,"menu_order":0,"comment_status":"closed","ping_status":"open","template":"","meta":{"footnotes":""},"class_list":["post-2819","page","type-page","status-publish","hentry"],"yoast_head":"<!-- This site is optimized with the Yoast SEO plugin v27.1.1 - https:\/\/yoast.com\/product\/yoast-seo-wordpress\/ -->\n<title>Pol\u00edtica de galetes | Consultoria en aviaci\u00f3<\/title>\n<meta name=\"description\" content=\"Consulta la nostra pol\u00edtica de cookies i coneix quina informaci\u00f3 recopilem, com la fem servir i com pots gestionar les teves prefer\u00e8ncies.\" \/>\n<meta name=\"robots\" content=\"index, follow, max-snippet:-1, max-image-preview:large, max-video-preview:-1\" \/>\n<link rel=\"canonical\" href=\"https:\/\/www.gpa.aero\/ca\/politica-de-cookies\/\" \/>\n<meta property=\"og:locale\" content=\"ca_ES\" \/>\n<meta property=\"og:type\" content=\"article\" \/>\n<meta property=\"og:title\" content=\"Pol\u00edtica de galetes | Consultoria en aviaci\u00f3\" \/>\n<meta property=\"og:description\" content=\"Consulta la nostra pol\u00edtica de cookies i coneix quina informaci\u00f3 recopilem, com la fem servir i com pots gestionar les teves prefer\u00e8ncies.\" \/>\n<meta property=\"og:url\" content=\"https:\/\/www.gpa.aero\/ca\/politica-de-cookies\/\" \/>\n<meta property=\"og:site_name\" content=\"GPA\" \/>\n<meta property=\"article:modified_time\" content=\"2026-03-09T10:46:43+00:00\" \/>\n<meta name=\"twitter:card\" content=\"summary_large_image\" \/>\n<meta name=\"twitter:label1\" content=\"Temps estimat de lectura\" \/>\n\t<meta name=\"twitter:data1\" content=\"6 minuts\" \/>\n<script type=\"application\/ld+json\" class=\"yoast-schema-graph\">{\"@context\":\"https:\/\/schema.org\",\"@graph\":[{\"@type\":\"WebPage\",\"@id\":\"https:\/\/www.gpa.aero\/ca\/politica-de-cookies\/\",\"url\":\"https:\/\/www.gpa.aero\/ca\/politica-de-cookies\/\",\"name\":\"Pol\u00edtica de galetes | Consultoria en aviaci\u00f3\",\"isPartOf\":{\"@id\":\"https:\/\/www.gpa.aero\/ca\/#website\"},\"datePublished\":\"2026-02-11T11:06:25+00:00\",\"dateModified\":\"2026-03-09T10:46:43+00:00\",\"description\":\"Consulta la nostra pol\u00edtica de cookies i coneix quina informaci\u00f3 recopilem, com la fem servir i com pots gestionar les teves prefer\u00e8ncies.\",\"breadcrumb\":{\"@id\":\"https:\/\/www.gpa.aero\/ca\/politica-de-cookies\/#breadcrumb\"},\"inLanguage\":\"ca\",\"potentialAction\":[{\"@type\":\"ReadAction\",\"target\":[\"https:\/\/www.gpa.aero\/ca\/politica-de-cookies\/\"]}]},{\"@type\":\"BreadcrumbList\",\"@id\":\"https:\/\/www.gpa.aero\/ca\/politica-de-cookies\/#breadcrumb\",\"itemListElement\":[{\"@type\":\"ListItem\",\"position\":1,\"name\":\"Home\",\"item\":\"https:\/\/www.gpa.aero\/ca\/\"},{\"@type\":\"ListItem\",\"position\":2,\"name\":\"Pol\u00edtica de cookies\"}]},{\"@type\":\"WebSite\",\"@id\":\"https:\/\/www.gpa.aero\/ca\/#website\",\"url\":\"https:\/\/www.gpa.aero\/ca\/\",\"name\":\"GPA\",\"description\":\"\",\"potentialAction\":[{\"@type\":\"SearchAction\",\"target\":{\"@type\":\"EntryPoint\",\"urlTemplate\":\"https:\/\/www.gpa.aero\/ca\/?s={search_term_string}\"},\"query-input\":{\"@type\":\"PropertyValueSpecification\",\"valueRequired\":true,\"valueName\":\"search_term_string\"}}],\"inLanguage\":\"ca\"}]}<\/script>\n<!-- \/ Yoast SEO plugin. -->","yoast_head_json":{"title":"Pol\u00edtica de galetes | Consultoria en aviaci\u00f3","description":"Consulta la nostra pol\u00edtica de cookies i coneix quina informaci\u00f3 recopilem, com la fem servir i com pots gestionar les teves prefer\u00e8ncies.","robots":{"index":"index","follow":"follow","max-snippet":"max-snippet:-1","max-image-preview":"max-image-preview:large","max-video-preview":"max-video-preview:-1"},"canonical":"https:\/\/www.gpa.aero\/ca\/politica-de-cookies\/","og_locale":"ca_ES","og_type":"article","og_title":"Pol\u00edtica de galetes | Consultoria en aviaci\u00f3","og_description":"Consulta la nostra pol\u00edtica de cookies i coneix quina informaci\u00f3 recopilem, com la fem servir i com pots gestionar les teves prefer\u00e8ncies.","og_url":"https:\/\/www.gpa.aero\/ca\/politica-de-cookies\/","og_site_name":"GPA","article_modified_time":"2026-03-09T10:46:43+00:00","twitter_card":"summary_large_image","twitter_misc":{"Temps estimat de lectura":"6 minuts"},"schema":{"@context":"https:\/\/schema.org","@graph":[{"@type":"WebPage","@id":"https:\/\/www.gpa.aero\/ca\/politica-de-cookies\/","url":"https:\/\/www.gpa.aero\/ca\/politica-de-cookies\/","name":"Pol\u00edtica de galetes | Consultoria en aviaci\u00f3","isPartOf":{"@id":"https:\/\/www.gpa.aero\/ca\/#website"},"datePublished":"2026-02-11T11:06:25+00:00","dateModified":"2026-03-09T10:46:43+00:00","description":"Consulta la nostra pol\u00edtica de cookies i coneix quina informaci\u00f3 recopilem, com la fem servir i com pots gestionar les teves prefer\u00e8ncies.","breadcrumb":{"@id":"https:\/\/www.gpa.aero\/ca\/politica-de-cookies\/#breadcrumb"},"inLanguage":"ca","potentialAction":[{"@type":"ReadAction","target":["https:\/\/www.gpa.aero\/ca\/politica-de-cookies\/"]}]},{"@type":"BreadcrumbList","@id":"https:\/\/www.gpa.aero\/ca\/politica-de-cookies\/#breadcrumb","itemListElement":[{"@type":"ListItem","position":1,"name":"Home","item":"https:\/\/www.gpa.aero\/ca\/"},{"@type":"ListItem","position":2,"name":"Pol\u00edtica de cookies"}]},{"@type":"WebSite","@id":"https:\/\/www.gpa.aero\/ca\/#website","url":"https:\/\/www.gpa.aero\/ca\/","name":"GPA","description":"","potentialAction":[{"@type":"SearchAction","target":{"@type":"EntryPoint","urlTemplate":"https:\/\/www.gpa.aero\/ca\/?s={search_term_string}"},"query-input":{"@type":"PropertyValueSpecification","valueRequired":true,"valueName":"search_term_string"}}],"inLanguage":"ca"}]}},"_links":{"self":[{"href":"https:\/\/www.gpa.aero\/ca\/wp-json\/wp\/v2\/pages\/2819","targetHints":{"allow":["GET"]}}],"collection":[{"href":"https:\/\/www.gpa.aero\/ca\/wp-json\/wp\/v2\/pages"}],"about":[{"href":"https:\/\/www.gpa.aero\/ca\/wp-json\/wp\/v2\/types\/page"}],"author":[{"embeddable":true,"href":"https:\/\/www.gpa.aero\/ca\/wp-json\/wp\/v2\/users\/2"}],"replies":[{"embeddable":true,"href":"https:\/\/www.gpa.aero\/ca\/wp-json\/wp\/v2\/comments?post=2819"}],"version-history":[{"count":1,"href":"https:\/\/www.gpa.aero\/ca\/wp-json\/wp\/v2\/pages\/2819\/revisions"}],"predecessor-version":[{"id":2820,"href":"https:\/\/www.gpa.aero\/ca\/wp-json\/wp\/v2\/pages\/2819\/revisions\/2820"}],"wp:attachment":[{"href":"https:\/\/www.gpa.aero\/ca\/wp-json\/wp\/v2\/media?parent=2819"}],"curies":[{"name":"wp","href":"https:\/\/api.w.org\/{rel}","templated":true}]}}